{"id":146,"date":"2024-07-03T15:34:24","date_gmt":"2024-07-03T13:34:24","guid":{"rendered":"https:\/\/zuerrer-schoenenberg.ch\/cms\/?page_id=146"},"modified":"2024-07-24T10:48:17","modified_gmt":"2024-07-24T08:48:17","slug":"produkte-2","status":"publish","type":"page","link":"https:\/\/zuerrer-schoenenberg.ch\/cms\/leistungen-produkte\/produkte-2\/","title":{"rendered":"Produkte"},"content":{"rendered":"\t\t<div data-elementor-type=\"wp-page\" data-elementor-id=\"146\" class=\"elementor elementor-146\">\n\t\t\t\t<div class=\"elementor-element elementor-element-2fbc2502 e-flex e-con-boxed e-con e-parent\" data-id=\"2fbc2502\" data-element_type=\"container\" data-settings=\"{&quot;background_background&quot;:&quot;classic&quot;}\">\n\t\t\t\t\t<div class=\"e-con-inner\">\n\t\t\t\t<div class=\"elementor-element elementor-element-63476818 elementor-hidden-tablet elementor-hidden-mobile elementor-widget elementor-widget-spacer\" data-id=\"63476818\" data-element_type=\"widget\" data-widget_type=\"spacer.default\">\n\t\t\t\t<div class=\"elementor-widget-container\">\n\t\t\t<style>\/*! elementor - v3.22.0 - 26-06-2024 *\/\n.elementor-column .elementor-spacer-inner{height:var(--spacer-size)}.e-con{--container-widget-width:100%}.e-con-inner>.elementor-widget-spacer,.e-con>.elementor-widget-spacer{width:var(--container-widget-width,var(--spacer-size));--align-self:var(--container-widget-align-self,initial);--flex-shrink:0}.e-con-inner>.elementor-widget-spacer>.elementor-widget-container,.e-con>.elementor-widget-spacer>.elementor-widget-container{height:100%;width:100%}.e-con-inner>.elementor-widget-spacer>.elementor-widget-container>.elementor-spacer,.e-con>.elementor-widget-spacer>.elementor-widget-container>.elementor-spacer{height:100%}.e-con-inner>.elementor-widget-spacer>.elementor-widget-container>.elementor-spacer>.elementor-spacer-inner,.e-con>.elementor-widget-spacer>.elementor-widget-container>.elementor-spacer>.elementor-spacer-inner{height:var(--container-widget-height,var(--spacer-size))}.e-con-inner>.elementor-widget-spacer.elementor-widget-empty,.e-con>.elementor-widget-spacer.elementor-widget-empty{position:relative;min-height:22px;min-width:22px}.e-con-inner>.elementor-widget-spacer.elementor-widget-empty .elementor-widget-empty-icon,.e-con>.elementor-widget-spacer.elementor-widget-empty .elementor-widget-empty-icon{position:absolute;top:0;bottom:0;left:0;right:0;margin:auto;padding:0;width:22px;height:22px}<\/style>\t\t<div class=\"elementor-spacer\">\n\t\t\t<div class=\"elementor-spacer-inner\"><\/div>\n\t\t<\/div>\n\t\t\t\t<\/div>\n\t\t\t\t<\/div>\n\t\t\t\t<div class=\"elementor-element elementor-element-67a50770 elementor-widget elementor-widget-heading\" data-id=\"67a50770\" data-element_type=\"widget\" data-widget_type=\"heading.default\">\n\t\t\t\t<div class=\"elementor-widget-container\">\n\t\t\t<style>\/*! elementor - v3.22.0 - 26-06-2024 *\/\n.elementor-heading-title{padding:0;margin:0;line-height:1}.elementor-widget-heading .elementor-heading-title[class*=elementor-size-]>a{color:inherit;font-size:inherit;line-height:inherit}.elementor-widget-heading .elementor-heading-title.elementor-size-small{font-size:15px}.elementor-widget-heading .elementor-heading-title.elementor-size-medium{font-size:19px}.elementor-widget-heading .elementor-heading-title.elementor-size-large{font-size:29px}.elementor-widget-heading .elementor-heading-title.elementor-size-xl{font-size:39px}.elementor-widget-heading .elementor-heading-title.elementor-size-xxl{font-size:59px}<\/style><h2 class=\"elementor-heading-title elementor-size-default\">Unsere Produkte<\/h2>\t\t<\/div>\n\t\t\t\t<\/div>\n\t\t\t\t\t<\/div>\n\t\t\t\t<\/div>\n\t\t<div class=\"elementor-element elementor-element-2867eb4f e-flex e-con-boxed e-con e-parent\" data-id=\"2867eb4f\" data-element_type=\"container\">\n\t\t\t\t\t<div class=\"e-con-inner\">\n\t\t\t\t<div class=\"elementor-element elementor-element-5b17da79 elementor-widget elementor-widget-spacer\" data-id=\"5b17da79\" data-element_type=\"widget\" data-widget_type=\"spacer.default\">\n\t\t\t\t<div class=\"elementor-widget-container\">\n\t\t\t\t\t<div class=\"elementor-spacer\">\n\t\t\t<div class=\"elementor-spacer-inner\"><\/div>\n\t\t<\/div>\n\t\t\t\t<\/div>\n\t\t\t\t<\/div>\n\t\t\t\t\t<\/div>\n\t\t\t\t<\/div>\n\t\t<div class=\"elementor-element elementor-element-2639c91 e-flex e-con-boxed e-con e-parent\" data-id=\"2639c91\" data-element_type=\"container\">\n\t\t\t\t\t<div class=\"e-con-inner\">\n\t\t\t\t<div class=\"elementor-element elementor-element-0a128ef elementor-widget elementor-widget-heading\" data-id=\"0a128ef\" data-element_type=\"widget\" data-widget_type=\"heading.default\">\n\t\t\t\t<div class=\"elementor-widget-container\">\n\t\t\t<h2 class=\"elementor-heading-title elementor-size-default\">Heu<\/h2>\t\t<\/div>\n\t\t\t\t<\/div>\n\t\t\t\t<div class=\"elementor-element elementor-element-8ea30f3 elementor-widget elementor-widget-image\" data-id=\"8ea30f3\" data-element_type=\"widget\" data-widget_type=\"image.default\">\n\t\t\t\t<div class=\"elementor-widget-container\">\n\t\t\t<style>\/*! elementor - v3.22.0 - 26-06-2024 *\/\n.elementor-widget-image{text-align:center}.elementor-widget-image a{display:inline-block}.elementor-widget-image a img[src$=\".svg\"]{width:48px}.elementor-widget-image img{vertical-align:middle;display:inline-block}<\/style>\t\t\t\t\t\t\t<figure class=\"wp-caption\">\n\t\t\t\t\t\t\t\t\t\t<img fetchpriority=\"high\" decoding=\"async\" width=\"400\" height=\"300\" src=\"https:\/\/zuerrer-schoenenberg.ch\/cms\/wp-content\/uploads\/2024\/07\/1789995-618dfc829d53dab7ffffb248ffa86321.jpg\" class=\"attachment-large size-large wp-image-110\" alt=\"\" srcset=\"https:\/\/zuerrer-schoenenberg.ch\/cms\/wp-content\/uploads\/2024\/07\/1789995-618dfc829d53dab7ffffb248ffa86321.jpg 400w, https:\/\/zuerrer-schoenenberg.ch\/cms\/wp-content\/uploads\/2024\/07\/1789995-618dfc829d53dab7ffffb248ffa86321-300x225.jpg 300w\" sizes=\"(max-width: 400px) 100vw, 400px\" \/>\t\t\t\t\t\t\t\t\t\t\t<figcaption class=\"widget-image-caption wp-caption-text\">Heuballen in klein- rund oder   Quaderformat<\/figcaption>\n\t\t\t\t\t\t\t\t\t\t<\/figure>\n\t\t\t\t\t\t\t<\/div>\n\t\t\t\t<\/div>\n\t\t\t\t<div class=\"elementor-element elementor-element-0191933 elementor-widget elementor-widget-heading\" data-id=\"0191933\" data-element_type=\"widget\" data-widget_type=\"heading.default\">\n\t\t\t\t<div class=\"elementor-widget-container\">\n\t\t\t<h2 class=\"elementor-heading-title elementor-size-default\">Stroh<\/h2>\t\t<\/div>\n\t\t\t\t<\/div>\n\t\t<div class=\"elementor-element elementor-element-c84218e e-con-full e-flex e-con e-child\" data-id=\"c84218e\" data-element_type=\"container\">\n\t\t\t\t<div class=\"elementor-element elementor-element-a96625c elementor-widget elementor-widget-image\" data-id=\"a96625c\" data-element_type=\"widget\" data-widget_type=\"image.default\">\n\t\t\t\t<div class=\"elementor-widget-container\">\n\t\t\t\t\t\t\t\t\t\t<figure class=\"wp-caption\">\n\t\t\t\t\t\t\t\t\t\t<img decoding=\"async\" width=\"400\" height=\"300\" src=\"https:\/\/zuerrer-schoenenberg.ch\/cms\/wp-content\/uploads\/2024\/07\/1789996-618dfc829d53dab7ffffb249ffa86321.jpg\" class=\"attachment-large size-large wp-image-109\" alt=\"\" srcset=\"https:\/\/zuerrer-schoenenberg.ch\/cms\/wp-content\/uploads\/2024\/07\/1789996-618dfc829d53dab7ffffb249ffa86321.jpg 400w, https:\/\/zuerrer-schoenenberg.ch\/cms\/wp-content\/uploads\/2024\/07\/1789996-618dfc829d53dab7ffffb249ffa86321-300x225.jpg 300w\" sizes=\"(max-width: 400px) 100vw, 400px\" \/>\t\t\t\t\t\t\t\t\t\t\t<figcaption class=\"widget-image-caption wp-caption-text\">Strohballen in klein, rund, oder Quaderformat<\/figcaption>\n\t\t\t\t\t\t\t\t\t\t<\/figure>\n\t\t\t\t\t\t\t<\/div>\n\t\t\t\t<\/div>\n\t\t\t\t<div class=\"elementor-element elementor-element-9b2e5f8 elementor-widget elementor-widget-image\" data-id=\"9b2e5f8\" data-element_type=\"widget\" data-widget_type=\"image.default\">\n\t\t\t\t<div class=\"elementor-widget-container\">\n\t\t\t\t\t\t\t\t\t\t<figure class=\"wp-caption\">\n\t\t\t\t\t\t\t\t\t\t<img decoding=\"async\" width=\"400\" height=\"300\" src=\"https:\/\/zuerrer-schoenenberg.ch\/cms\/wp-content\/uploads\/2024\/07\/1789997-618dfc829d53dab7ffffb24bffa86321.jpg\" class=\"attachment-large size-large wp-image-108\" alt=\"\" srcset=\"https:\/\/zuerrer-schoenenberg.ch\/cms\/wp-content\/uploads\/2024\/07\/1789997-618dfc829d53dab7ffffb24bffa86321.jpg 400w, https:\/\/zuerrer-schoenenberg.ch\/cms\/wp-content\/uploads\/2024\/07\/1789997-618dfc829d53dab7ffffb24bffa86321-300x225.jpg 300w\" sizes=\"(max-width: 400px) 100vw, 400px\" \/>\t\t\t\t\t\t\t\t\t\t\t<figcaption class=\"widget-image-caption wp-caption-text\">Kurzstroh in Gross oder Kleinformat<\/figcaption>\n\t\t\t\t\t\t\t\t\t\t<\/figure>\n\t\t\t\t\t\t\t<\/div>\n\t\t\t\t<\/div>\n\t\t\t\t<\/div>\n\t\t\t\t<div class=\"elementor-element elementor-element-cc8570f elementor-widget elementor-widget-heading\" data-id=\"cc8570f\" data-element_type=\"widget\" data-widget_type=\"heading.default\">\n\t\t\t\t<div class=\"elementor-widget-container\">\n\t\t\t<h2 class=\"elementor-heading-title elementor-size-default\">Silage<\/h2>\t\t<\/div>\n\t\t\t\t<\/div>\n\t\t<div class=\"elementor-element elementor-element-77b087b e-con-full e-flex e-con e-child\" data-id=\"77b087b\" data-element_type=\"container\">\n\t\t\t\t<div class=\"elementor-element elementor-element-8d1722f elementor-widget elementor-widget-image\" data-id=\"8d1722f\" data-element_type=\"widget\" data-widget_type=\"image.default\">\n\t\t\t\t<div class=\"elementor-widget-container\">\n\t\t\t\t\t\t\t\t\t\t<figure class=\"wp-caption\">\n\t\t\t\t\t\t\t\t\t\t<img loading=\"lazy\" decoding=\"async\" width=\"400\" height=\"300\" src=\"https:\/\/zuerrer-schoenenberg.ch\/cms\/wp-content\/uploads\/2024\/07\/1789998-618dfc829d53dab7ffffb25fffa86321.jpg\" class=\"attachment-large size-large wp-image-92\" alt=\"\" srcset=\"https:\/\/zuerrer-schoenenberg.ch\/cms\/wp-content\/uploads\/2024\/07\/1789998-618dfc829d53dab7ffffb25fffa86321.jpg 400w, https:\/\/zuerrer-schoenenberg.ch\/cms\/wp-content\/uploads\/2024\/07\/1789998-618dfc829d53dab7ffffb25fffa86321-300x225.jpg 300w\" sizes=\"(max-width: 400px) 100vw, 400px\" \/>\t\t\t\t\t\t\t\t\t\t\t<figcaption class=\"widget-image-caption wp-caption-text\">Siloballen<\/figcaption>\n\t\t\t\t\t\t\t\t\t\t<\/figure>\n\t\t\t\t\t\t\t<\/div>\n\t\t\t\t<\/div>\n\t\t\t\t<div class=\"elementor-element elementor-element-34e64f5 elementor-widget elementor-widget-image\" data-id=\"34e64f5\" data-element_type=\"widget\" data-widget_type=\"image.default\">\n\t\t\t\t<div class=\"elementor-widget-container\">\n\t\t\t\t\t\t\t\t\t\t<figure class=\"wp-caption\">\n\t\t\t\t\t\t\t\t\t\t<img loading=\"lazy\" decoding=\"async\" width=\"400\" height=\"300\" src=\"https:\/\/zuerrer-schoenenberg.ch\/cms\/wp-content\/uploads\/2024\/07\/1789999-618dfc829d53dab7ffffb24affa86321.jpg\" class=\"attachment-large size-large wp-image-91\" alt=\"\" srcset=\"https:\/\/zuerrer-schoenenberg.ch\/cms\/wp-content\/uploads\/2024\/07\/1789999-618dfc829d53dab7ffffb24affa86321.jpg 400w, https:\/\/zuerrer-schoenenberg.ch\/cms\/wp-content\/uploads\/2024\/07\/1789999-618dfc829d53dab7ffffb24affa86321-300x225.jpg 300w\" sizes=\"(max-width: 400px) 100vw, 400px\" \/>\t\t\t\t\t\t\t\t\t\t\t<figcaption class=\"widget-image-caption wp-caption-text\">Maisballen<\/figcaption>\n\t\t\t\t\t\t\t\t\t\t<\/figure>\n\t\t\t\t\t\t\t<\/div>\n\t\t\t\t<\/div>\n\t\t\t\t<\/div>\n\t\t\t\t<div class=\"elementor-element elementor-element-6bf0fd7 elementor-widget elementor-widget-heading\" data-id=\"6bf0fd7\" data-element_type=\"widget\" data-widget_type=\"heading.default\">\n\t\t\t\t<div class=\"elementor-widget-container\">\n\t\t\t<h2 class=\"elementor-heading-title elementor-size-default\">Maisprodukte<\/h2>\t\t<\/div>\n\t\t\t\t<\/div>\n\t\t<div class=\"elementor-element elementor-element-789057c e-con-full e-flex e-con e-child\" data-id=\"789057c\" data-element_type=\"container\">\n\t\t\t\t<div class=\"elementor-element elementor-element-b326282 elementor-widget__width-initial elementor-widget elementor-widget-image\" data-id=\"b326282\" data-element_type=\"widget\" data-widget_type=\"image.default\">\n\t\t\t\t<div class=\"elementor-widget-container\">\n\t\t\t\t\t\t\t\t\t\t<figure class=\"wp-caption\">\n\t\t\t\t\t\t\t\t\t\t<img loading=\"lazy\" decoding=\"async\" width=\"400\" height=\"300\" src=\"https:\/\/zuerrer-schoenenberg.ch\/cms\/wp-content\/uploads\/2024\/07\/1790000-618dfc829d53dab7ffffb24dffa86321.jpg\" class=\"attachment-large size-large wp-image-107\" alt=\"\" srcset=\"https:\/\/zuerrer-schoenenberg.ch\/cms\/wp-content\/uploads\/2024\/07\/1790000-618dfc829d53dab7ffffb24dffa86321.jpg 400w, https:\/\/zuerrer-schoenenberg.ch\/cms\/wp-content\/uploads\/2024\/07\/1790000-618dfc829d53dab7ffffb24dffa86321-300x225.jpg 300w\" sizes=\"(max-width: 400px) 100vw, 400px\" \/>\t\t\t\t\t\t\t\t\t\t\t<figcaption class=\"widget-image-caption wp-caption-text\">Maish\u00e4cksel, lose in Silo geliefert<\/figcaption>\n\t\t\t\t\t\t\t\t\t\t<\/figure>\n\t\t\t\t\t\t\t<\/div>\n\t\t\t\t<\/div>\n\t\t\t\t<div class=\"elementor-element elementor-element-5768856 elementor-widget elementor-widget-image\" data-id=\"5768856\" data-element_type=\"widget\" data-widget_type=\"image.default\">\n\t\t\t\t<div class=\"elementor-widget-container\">\n\t\t\t\t\t\t\t\t\t\t<figure class=\"wp-caption\">\n\t\t\t\t\t\t\t\t\t\t<img loading=\"lazy\" decoding=\"async\" width=\"400\" height=\"300\" src=\"https:\/\/zuerrer-schoenenberg.ch\/cms\/wp-content\/uploads\/2024\/07\/1790001-618dfc829d53dab7ffffb256ffa86321.jpg\" class=\"attachment-large size-large wp-image-106\" alt=\"\" srcset=\"https:\/\/zuerrer-schoenenberg.ch\/cms\/wp-content\/uploads\/2024\/07\/1790001-618dfc829d53dab7ffffb256ffa86321.jpg 400w, https:\/\/zuerrer-schoenenberg.ch\/cms\/wp-content\/uploads\/2024\/07\/1790001-618dfc829d53dab7ffffb256ffa86321-300x225.jpg 300w\" sizes=\"(max-width: 400px) 100vw, 400px\" \/>\t\t\t\t\t\t\t\t\t\t\t<figcaption class=\"widget-image-caption wp-caption-text\">Maispflanzen-w\u00fcrfel \/ Mais-kolbenschroth<\/figcaption>\n\t\t\t\t\t\t\t\t\t\t<\/figure>\n\t\t\t\t\t\t\t<\/div>\n\t\t\t\t<\/div>\n\t\t\t\t<\/div>\n\t\t\t\t<div class=\"elementor-element elementor-element-f75d458 elementor-widget elementor-widget-heading\" data-id=\"f75d458\" data-element_type=\"widget\" data-widget_type=\"heading.default\">\n\t\t\t\t<div class=\"elementor-widget-container\">\n\t\t\t<h2 class=\"elementor-heading-title elementor-size-default\">Spezialfutter<\/h2>\t\t<\/div>\n\t\t\t\t<\/div>\n\t\t\t\t<div class=\"elementor-element elementor-element-140543e elementor-widget elementor-widget-image\" data-id=\"140543e\" data-element_type=\"widget\" data-widget_type=\"image.default\">\n\t\t\t\t<div class=\"elementor-widget-container\">\n\t\t\t\t\t\t\t\t\t\t<figure class=\"wp-caption\">\n\t\t\t\t\t\t\t\t\t\t<img loading=\"lazy\" decoding=\"async\" width=\"400\" height=\"300\" src=\"https:\/\/zuerrer-schoenenberg.ch\/cms\/wp-content\/uploads\/2024\/07\/1790002-618dfc829d53dab7ffffb24cffa86321.jpg\" class=\"attachment-large size-large wp-image-53\" alt=\"\" srcset=\"https:\/\/zuerrer-schoenenberg.ch\/cms\/wp-content\/uploads\/2024\/07\/1790002-618dfc829d53dab7ffffb24cffa86321.jpg 400w, https:\/\/zuerrer-schoenenberg.ch\/cms\/wp-content\/uploads\/2024\/07\/1790002-618dfc829d53dab7ffffb24cffa86321-300x225.jpg 300w\" sizes=\"(max-width: 400px) 100vw, 400px\" \/>\t\t\t\t\t\t\t\t\t\t\t<figcaption class=\"widget-image-caption wp-caption-text\">Lucerne k\u00fcnstlich getrocknet <\/figcaption>\n\t\t\t\t\t\t\t\t\t\t<\/figure>\n\t\t\t\t\t\t\t<\/div>\n\t\t\t\t<\/div>\n\t\t\t\t<div class=\"elementor-element elementor-element-5721267 elementor-widget elementor-widget-heading\" data-id=\"5721267\" data-element_type=\"widget\" data-widget_type=\"heading.default\">\n\t\t\t\t<div class=\"elementor-widget-container\">\n\t\t\t<h2 class=\"elementor-heading-title elementor-size-default\">Einstreu<\/h2>\t\t<\/div>\n\t\t\t\t<\/div>\n\t\t<div class=\"elementor-element elementor-element-3d9e420 e-con-full e-flex e-con e-child\" data-id=\"3d9e420\" data-element_type=\"container\">\n\t\t\t\t<div class=\"elementor-element elementor-element-b59f015 elementor-widget__width-initial elementor-widget-mobile__width-initial elementor-widget elementor-widget-image\" data-id=\"b59f015\" data-element_type=\"widget\" data-widget_type=\"image.default\">\n\t\t\t\t<div class=\"elementor-widget-container\">\n\t\t\t\t\t\t\t\t\t\t<figure class=\"wp-caption\">\n\t\t\t\t\t\t\t\t\t\t<img loading=\"lazy\" decoding=\"async\" width=\"400\" height=\"535\" src=\"https:\/\/zuerrer-schoenenberg.ch\/cms\/wp-content\/uploads\/2024\/07\/1790003-12df8f50b13a34cdffff840a7f000101.jpg\" class=\"attachment-large size-large wp-image-105\" alt=\"\" srcset=\"https:\/\/zuerrer-schoenenberg.ch\/cms\/wp-content\/uploads\/2024\/07\/1790003-12df8f50b13a34cdffff840a7f000101.jpg 400w, https:\/\/zuerrer-schoenenberg.ch\/cms\/wp-content\/uploads\/2024\/07\/1790003-12df8f50b13a34cdffff840a7f000101-224x300.jpg 224w\" sizes=\"(max-width: 400px) 100vw, 400px\" \/>\t\t\t\t\t\t\t\t\t\t\t<figcaption class=\"widget-image-caption wp-caption-text\">Leinen Stroh in Paletten \u00e0 24 Paketen oder einzel ab Lager<\/figcaption>\n\t\t\t\t\t\t\t\t\t\t<\/figure>\n\t\t\t\t\t\t\t<\/div>\n\t\t\t\t<\/div>\n\t\t\t\t<div class=\"elementor-element elementor-element-7649d32 elementor-widget__width-initial elementor-widget-mobile__width-initial elementor-widget elementor-widget-image\" data-id=\"7649d32\" data-element_type=\"widget\" data-widget_type=\"image.default\">\n\t\t\t\t<div class=\"elementor-widget-container\">\n\t\t\t\t\t\t\t\t\t\t<figure class=\"wp-caption\">\n\t\t\t\t\t\t\t\t\t\t<img loading=\"lazy\" decoding=\"async\" width=\"400\" height=\"535\" src=\"https:\/\/zuerrer-schoenenberg.ch\/cms\/wp-content\/uploads\/2024\/07\/1790004-12df8f50b13a34cdffff840b7f000101.jpg\" class=\"attachment-large size-large wp-image-90\" alt=\"\" srcset=\"https:\/\/zuerrer-schoenenberg.ch\/cms\/wp-content\/uploads\/2024\/07\/1790004-12df8f50b13a34cdffff840b7f000101.jpg 400w, https:\/\/zuerrer-schoenenberg.ch\/cms\/wp-content\/uploads\/2024\/07\/1790004-12df8f50b13a34cdffff840b7f000101-224x300.jpg 224w\" sizes=\"(max-width: 400px) 100vw, 400px\" \/>\t\t\t\t\t\t\t\t\t\t\t<figcaption class=\"widget-image-caption wp-caption-text\">Hobelsp\u00e4ne in Paletten \u00e0 24 Paleten oder einzel ab Lager<\/figcaption>\n\t\t\t\t\t\t\t\t\t\t<\/figure>\n\t\t\t\t\t\t\t<\/div>\n\t\t\t\t<\/div>\n\t\t\t\t<div class=\"elementor-element elementor-element-d1aed33 elementor-widget__width-initial elementor-widget-mobile__width-initial elementor-widget elementor-widget-image\" data-id=\"d1aed33\" data-element_type=\"widget\" data-widget_type=\"image.default\">\n\t\t\t\t<div class=\"elementor-widget-container\">\n\t\t\t\t\t\t\t\t\t\t<figure class=\"wp-caption\">\n\t\t\t\t\t\t\t\t\t\t<img loading=\"lazy\" decoding=\"async\" width=\"400\" height=\"535\" src=\"https:\/\/zuerrer-schoenenberg.ch\/cms\/wp-content\/uploads\/2024\/07\/1790005-12df8f50b13a34cdffff840c7f000101.jpg\" class=\"attachment-large size-large wp-image-104\" alt=\"\" srcset=\"https:\/\/zuerrer-schoenenberg.ch\/cms\/wp-content\/uploads\/2024\/07\/1790005-12df8f50b13a34cdffff840c7f000101.jpg 400w, https:\/\/zuerrer-schoenenberg.ch\/cms\/wp-content\/uploads\/2024\/07\/1790005-12df8f50b13a34cdffff840c7f000101-224x300.jpg 224w\" sizes=\"(max-width: 400px) 100vw, 400px\" \/>\t\t\t\t\t\t\t\t\t\t\t<figcaption class=\"widget-image-caption wp-caption-text\">Miko-Stroh (gemahlenes Stroh) entstaubt in Paletten \u00e0 21 Paketen oder einzel ab Lager<\/figcaption>\n\t\t\t\t\t\t\t\t\t\t<\/figure>\n\t\t\t\t\t\t\t<\/div>\n\t\t\t\t<\/div>\n\t\t\t\t<\/div>\n\t\t\t\t\t<\/div>\n\t\t\t\t<\/div>\n\t\t\t\t<\/div>\n\t\t","protected":false},"excerpt":{"rendered":"<p>Unsere Produkte Heu Heuballen in klein- rund oder Quaderformat Stroh Strohballen in klein, rund, oder Quaderformat Kurzstroh in Gross oder Kleinformat Silage Siloballen Maisballen Maisprodukte Maish\u00e4cksel, lose in Silo geliefert Maispflanzen-w\u00fcrfel \/ Mais-kolbenschroth Spezialfutter Lucerne k\u00fcnstlich getrocknet Einstreu Leinen Stroh in Paletten \u00e0 24 Paketen oder einzel ab Lager Hobelsp\u00e4ne in Paletten \u00e0 24 Paleten&hellip;&nbsp;<a href=\"https:\/\/zuerrer-schoenenberg.ch\/cms\/leistungen-produkte\/produkte-2\/\" class=\"\" rel=\"bookmark\">Weiterlesen &raquo;<span class=\"screen-reader-text\">Produkte<\/span><\/a><\/p>\n","protected":false},"author":1,"featured_media":0,"parent":124,"menu_order":0,"comment_status":"closed","ping_status":"closed","template":"elementor_header_footer","meta":{"neve_meta_sidebar":"","neve_meta_container":"","neve_meta_enable_content_width":"","neve_meta_content_width":0,"neve_meta_title_alignment":"","neve_meta_author_avatar":"","neve_post_elements_order":"","neve_meta_disable_header":"","neve_meta_disable_footer":"","neve_meta_disable_title":"","footnotes":""},"class_list":["post-146","page","type-page","status-publish","hentry"],"_links":{"self":[{"href":"https:\/\/zuerrer-schoenenberg.ch\/cms\/wp-json\/wp\/v2\/pages\/146","targetHints":{"allow":["GET"]}}],"collection":[{"href":"https:\/\/zuerrer-schoenenberg.ch\/cms\/wp-json\/wp\/v2\/pages"}],"about":[{"href":"https:\/\/zuerrer-schoenenberg.ch\/cms\/wp-json\/wp\/v2\/types\/page"}],"author":[{"embeddable":true,"href":"https:\/\/zuerrer-schoenenberg.ch\/cms\/wp-json\/wp\/v2\/users\/1"}],"replies":[{"embeddable":true,"href":"https:\/\/zuerrer-schoenenberg.ch\/cms\/wp-json\/wp\/v2\/comments?post=146"}],"version-history":[{"count":19,"href":"https:\/\/zuerrer-schoenenberg.ch\/cms\/wp-json\/wp\/v2\/pages\/146\/revisions"}],"predecessor-version":[{"id":368,"href":"https:\/\/zuerrer-schoenenberg.ch\/cms\/wp-json\/wp\/v2\/pages\/146\/revisions\/368"}],"up":[{"embeddable":true,"href":"https:\/\/zuerrer-schoenenberg.ch\/cms\/wp-json\/wp\/v2\/pages\/124"}],"wp:attachment":[{"href":"https:\/\/zuerrer-schoenenberg.ch\/cms\/wp-json\/wp\/v2\/media?parent=146"}],"curies":[{"name":"wp","href":"https:\/\/api.w.org\/{rel}","templated":true}]}}